{"id":554,"date":"2020-07-15T18:22:54","date_gmt":"2020-07-15T16:22:54","guid":{"rendered":"https:\/\/mag-mo.com\/?page_id=554"},"modified":"2022-11-05T12:32:25","modified_gmt":"2022-11-05T11:32:25","slug":"qualitaet","status":"publish","type":"page","link":"https:\/\/mag-mo.com\/en\/qualitaet\/","title":{"rendered":"| Quality"},"content":{"rendered":"<div data-elementor-type=\"wp-page\" data-elementor-id=\"554\" class=\"elementor elementor-554\">\n\t\t\t\t\t\t<section class=\"elementor-section elementor-top-section elementor-element elementor-element-645e0f8b elementor-section-content-middle elementor-section-boxed elementor-section-height-default elementor-section-height-default\" data-id=\"645e0f8b\" data-element_type=\"section\" data-e-type=\"section\">\n\t\t\t\t\t\t<div class=\"elementor-container elementor-column-gap-no\">\n\t\t\t\t\t<div class=\"elementor-column elementor-col-50 elementor-top-column elementor-element elementor-element-60519d5\" data-id=\"60519d5\" data-element_type=\"column\" data-e-type=\"column\">\n\t\t\t<div class=\"elementor-widget-wrap elementor-element-populated\">\n\t\t\t\t\t\t<div class=\"elementor-element elementor-element-1fe140ba elementor-widget elementor-widget-heading\" data-id=\"1fe140ba\" data-element_type=\"widget\" data-e-type=\"widget\" data-widget_type=\"heading.default\">\n\t\t\t\t<div class=\"elementor-widget-container\">\n\t\t\t\t\t<h3 class=\"elementor-heading-title elementor-size-default\">Quality through control<\/h3>\t\t\t\t<\/div>\n\t\t\t\t<\/div>\n\t\t\t\t<div class=\"elementor-element elementor-element-5b3b6863 elementor-widget-divider--view-line elementor-widget elementor-widget-divider\" data-id=\"5b3b6863\" data-element_type=\"widget\" data-e-type=\"widget\" data-widget_type=\"divider.default\">\n\t\t\t\t<div class=\"elementor-widget-container\">\n\t\t\t\t\t\t\t<div class=\"elementor-divider\">\n\t\t\t<span class=\"elementor-divider-separator\">\n\t\t\t\t\t\t<\/span>\n\t\t<\/div>\n\t\t\t\t\t\t<\/div>\n\t\t\t\t<\/div>\n\t\t\t\t\t<\/div>\n\t\t<\/div>\n\t\t\t\t<div class=\"elementor-column elementor-col-50 elementor-top-column elementor-element elementor-element-3680d481\" data-id=\"3680d481\" data-element_type=\"column\" data-e-type=\"column\">\n\t\t\t<div class=\"elementor-widget-wrap elementor-element-populated\">\n\t\t\t\t\t\t<div class=\"elementor-element elementor-element-650fcc2c elementor-widget elementor-widget-image\" data-id=\"650fcc2c\" data-element_type=\"widget\" data-e-type=\"widget\" data-widget_type=\"image.default\">\n\t\t\t\t<div class=\"elementor-widget-container\">\n\t\t\t\t\t\t\t\t\t\t\t\t\t\t\t<img fetchpriority=\"high\" decoding=\"async\" width=\"2560\" height=\"1707\" src=\"https:\/\/mag-mo.com\/wp-content\/uploads\/2020\/07\/DSC_5080-scaled.jpg\" class=\"elementor-animation-grow attachment-full size-full wp-image-995\" alt=\"\" srcset=\"https:\/\/mag-mo.com\/wp-content\/uploads\/2020\/07\/DSC_5080-scaled.jpg 2560w, https:\/\/mag-mo.com\/wp-content\/uploads\/2020\/07\/DSC_5080-300x200.jpg 300w, https:\/\/mag-mo.com\/wp-content\/uploads\/2020\/07\/DSC_5080-1024x683.jpg 1024w, https:\/\/mag-mo.com\/wp-content\/uploads\/2020\/07\/DSC_5080-768x512.jpg 768w, https:\/\/mag-mo.com\/wp-content\/uploads\/2020\/07\/DSC_5080-1536x1024.jpg 1536w, https:\/\/mag-mo.com\/wp-content\/uploads\/2020\/07\/DSC_5080-2048x1365.jpg 2048w, https:\/\/mag-mo.com\/wp-content\/uploads\/2020\/07\/DSC_5080-272x182.jpg 272w\" sizes=\"(max-width: 2560px) 100vw, 2560px\" \/>\t\t\t\t\t\t\t\t\t\t\t\t\t\t\t<\/div>\n\t\t\t\t<\/div>\n\t\t\t\t<div class=\"elementor-element elementor-element-65b37636 elementor-widget elementor-widget-text-editor\" data-id=\"65b37636\" data-element_type=\"widget\" data-e-type=\"widget\" data-widget_type=\"text-editor.default\">\n\t\t\t\t<div class=\"elementor-widget-container\">\n\t\t\t\t\t\t\t\t\t<p>Who knows Moringa, knows that it is a challenge to get good quality products on the market.<\/p>\n<p>Therefore, all our goods are subject to quality controls before they reach the retail market. First of all, the sensory analysis is checked as standard, followed by laboratory tests for pesticides, heavy metals and microorganisms by the certified, independent <strong><a href=\"https:\/\/www.agrolab.com\/de\/\">AGROLAB Labor GmbH<\/a>.<\/strong><\/p>\t\t\t\t\t\t\t\t<\/div>\n\t\t\t\t<\/div>\n\t\t\t\t\t<\/div>\n\t\t<\/div>\n\t\t\t\t\t<\/div>\n\t\t<\/section>\n\t\t\t\t<\/div>","protected":false},"excerpt":{"rendered":"<p>Qualit\u00e4t durch Kontrolle Wer Moringa kennt, wei\u00df, dass es eine Herausforderung ist qualitativ gute Ware auf dem Markt zu bekommen. Bevor sie in den Handel gelangen, unterlaufen alle unsere Waren deshalb Qualit\u00e4tskontrollen. Standardm\u00e4\u00dfig kontrolliert wird zun\u00e4chst die Sensorik, gefolgt von einer labortechnischen Untersuchung auf Pestizide, Schwermetalle und Mikroorganismen durch die zertifizierte, unabh\u00e4ngige AGROLAB Labor GmbH.<\/p>","protected":false},"author":2,"featured_media":0,"parent":0,"menu_order":0,"comment_status":"closed","ping_status":"closed","template":"elementor_header_footer","meta":{"ocean_post_layout":"","ocean_both_sidebars_style":"","ocean_both_sidebars_content_width":0,"ocean_both_sidebars_sidebars_width":0,"ocean_sidebar":"0","ocean_second_sidebar":"0","ocean_disable_margins":"enable","ocean_add_body_class":"","ocean_shortcode_before_top_bar":"","ocean_shortcode_after_top_bar":"","ocean_shortcode_before_header":"","ocean_shortcode_after_header":"","ocean_has_shortcode":"","ocean_shortcode_after_title":"","ocean_shortcode_before_footer_widgets":"","ocean_shortcode_after_footer_widgets":"","ocean_shortcode_before_footer_bottom":"","ocean_shortcode_after_footer_bottom":"","ocean_display_top_bar":"default","ocean_display_header":"default","ocean_header_style":"","ocean_center_header_left_menu":"0","ocean_custom_header_template":"0","ocean_custom_logo":0,"ocean_custom_retina_logo":0,"ocean_custom_logo_max_width":0,"ocean_custom_logo_tablet_max_width":0,"ocean_custom_logo_mobile_max_width":0,"ocean_custom_logo_max_height":0,"ocean_custom_logo_tablet_max_height":0,"ocean_custom_logo_mobile_max_height":0,"ocean_header_custom_menu":"0","ocean_menu_typo_font_family":"0","ocean_menu_typo_font_subset":"","ocean_menu_typo_font_size":0,"ocean_menu_typo_font_size_tablet":0,"ocean_menu_typo_font_size_mobile":0,"ocean_menu_typo_font_size_unit":"px","ocean_menu_typo_font_weight":"","ocean_menu_typo_font_weight_tablet":"","ocean_menu_typo_font_weight_mobile":"","ocean_menu_typo_transform":"","ocean_menu_typo_transform_tablet":"","ocean_menu_typo_transform_mobile":"","ocean_menu_typo_line_height":0,"ocean_menu_typo_line_height_tablet":0,"ocean_menu_typo_line_height_mobile":0,"ocean_menu_typo_line_height_unit":"","ocean_menu_typo_spacing":0,"ocean_menu_typo_spacing_tablet":0,"ocean_menu_typo_spacing_mobile":0,"ocean_menu_typo_spacing_unit":"","ocean_menu_link_color":"","ocean_menu_link_color_hover":"","ocean_menu_link_color_active":"","ocean_menu_link_background":"","ocean_menu_link_hover_background":"","ocean_menu_link_active_background":"","ocean_menu_social_links_bg":"","ocean_menu_social_hover_links_bg":"","ocean_menu_social_links_color":"","ocean_menu_social_hover_links_color":"","ocean_disable_title":"enable","ocean_disable_heading":"enable","ocean_post_title":"","ocean_post_subheading":"","ocean_post_title_style":"","ocean_post_title_background_color":"","ocean_post_title_background":0,"ocean_post_title_bg_image_position":"","ocean_post_title_bg_image_attachment":"","ocean_post_title_bg_image_repeat":"","ocean_post_title_bg_image_size":"","ocean_post_title_height":0,"ocean_post_title_bg_overlay":0.5,"ocean_post_title_bg_overlay_color":"","ocean_disable_breadcrumbs":"default","ocean_breadcrumbs_color":"","ocean_breadcrumbs_separator_color":"","ocean_breadcrumbs_links_color":"","ocean_breadcrumbs_links_hover_color":"","ocean_display_footer_widgets":"default","ocean_display_footer_bottom":"default","ocean_custom_footer_template":"0","footnotes":""},"class_list":["post-554","page","type-page","status-publish","hentry","entry"],"aioseo_notices":[],"_links":{"self":[{"href":"https:\/\/mag-mo.com\/en\/wp-json\/wp\/v2\/pages\/554","targetHints":{"allow":["GET"]}}],"collection":[{"href":"https:\/\/mag-mo.com\/en\/wp-json\/wp\/v2\/pages"}],"about":[{"href":"https:\/\/mag-mo.com\/en\/wp-json\/wp\/v2\/types\/page"}],"author":[{"embeddable":true,"href":"https:\/\/mag-mo.com\/en\/wp-json\/wp\/v2\/users\/2"}],"replies":[{"embeddable":true,"href":"https:\/\/mag-mo.com\/en\/wp-json\/wp\/v2\/comments?post=554"}],"version-history":[{"count":10,"href":"https:\/\/mag-mo.com\/en\/wp-json\/wp\/v2\/pages\/554\/revisions"}],"predecessor-version":[{"id":1703,"href":"https:\/\/mag-mo.com\/en\/wp-json\/wp\/v2\/pages\/554\/revisions\/1703"}],"wp:attachment":[{"href":"https:\/\/mag-mo.com\/en\/wp-json\/wp\/v2\/media?parent=554"}],"curies":[{"name":"wp","href":"https:\/\/api.w.org\/{rel}","templated":true}]}}