{"id":325,"date":"2020-05-27T23:48:13","date_gmt":"2020-05-27T21:48:13","guid":{"rendered":"https:\/\/mag-mo.com\/?page_id=325"},"modified":"2020-09-24T16:33:07","modified_gmt":"2020-09-24T14:33:07","slug":"bio-moringa-oleifera-teeschnitt","status":"publish","type":"page","link":"https:\/\/mag-mo.com\/en\/bio-moringa-oleifera-teeschnitt\/","title":{"rendered":"Organic Moringa oleifera tea cut"},"content":{"rendered":"<div data-elementor-type=\"wp-page\" data-elementor-id=\"325\" class=\"elementor elementor-325\">\n\t\t\t\t\t\t<section class=\"elementor-section elementor-top-section elementor-element elementor-element-c477a56 elementor-section-boxed elementor-section-height-default elementor-section-height-default\" data-id=\"c477a56\" data-element_type=\"section\" data-e-type=\"section\">\n\t\t\t\t\t\t<div class=\"elementor-container elementor-column-gap-default\">\n\t\t\t\t\t<div class=\"elementor-column elementor-col-100 elementor-top-column elementor-element elementor-element-f07cf82\" data-id=\"f07cf82\" data-element_type=\"column\" data-e-type=\"column\">\n\t\t\t<div class=\"elementor-widget-wrap elementor-element-populated\">\n\t\t\t\t\t\t<div class=\"elementor-element elementor-element-7f35670 elementor-widget elementor-widget-spacer\" data-id=\"7f35670\" data-element_type=\"widget\" data-e-type=\"widget\" data-widget_type=\"spacer.default\">\n\t\t\t\t<div class=\"elementor-widget-container\">\n\t\t\t\t\t\t\t<div class=\"elementor-spacer\">\n\t\t\t<div class=\"elementor-spacer-inner\"><\/div>\n\t\t<\/div>\n\t\t\t\t\t\t<\/div>\n\t\t\t\t<\/div>\n\t\t\t\t\t<\/div>\n\t\t<\/div>\n\t\t\t\t\t<\/div>\n\t\t<\/section>\n\t\t\t\t<section class=\"elementor-section elementor-top-section elementor-element elementor-element-e61cc53 elementor-section-boxed elementor-section-height-default elementor-section-height-default\" data-id=\"e61cc53\" data-element_type=\"section\" data-e-type=\"section\">\n\t\t\t\t\t\t<div class=\"elementor-container elementor-column-gap-default\">\n\t\t\t\t\t<div class=\"elementor-column elementor-col-100 elementor-top-column elementor-element elementor-element-115b114\" data-id=\"115b114\" data-element_type=\"column\" data-e-type=\"column\">\n\t\t\t<div class=\"elementor-widget-wrap elementor-element-populated\">\n\t\t\t\t\t\t<div class=\"elementor-element elementor-element-dbe5c47 elementor-widget elementor-widget-heading\" data-id=\"dbe5c47\" data-element_type=\"widget\" data-e-type=\"widget\" data-widget_type=\"heading.default\">\n\t\t\t\t<div class=\"elementor-widget-container\">\n\t\t\t\t\t<h1 class=\"elementor-heading-title elementor-size-default\">Product details <br>Organic Moringa oleifera tea cut<br>bulk goods<\/h1>\t\t\t\t<\/div>\n\t\t\t\t<\/div>\n\t\t\t\t\t<\/div>\n\t\t<\/div>\n\t\t\t\t\t<\/div>\n\t\t<\/section>\n\t\t\t\t<section class=\"elementor-section elementor-top-section elementor-element elementor-element-7e38625 elementor-section-boxed elementor-section-height-default elementor-section-height-default\" data-id=\"7e38625\" data-element_type=\"section\" data-e-type=\"section\">\n\t\t\t\t\t\t<div class=\"elementor-container elementor-column-gap-default\">\n\t\t\t\t\t<div class=\"elementor-column elementor-col-100 elementor-top-column elementor-element elementor-element-4c7d2c9\" data-id=\"4c7d2c9\" data-element_type=\"column\" data-e-type=\"column\">\n\t\t\t<div class=\"elementor-widget-wrap elementor-element-populated\">\n\t\t\t\t\t\t<div class=\"elementor-element elementor-element-ba44833 elementor-widget elementor-widget-spacer\" data-id=\"ba44833\" data-element_type=\"widget\" data-e-type=\"widget\" data-widget_type=\"spacer.default\">\n\t\t\t\t<div class=\"elementor-widget-container\">\n\t\t\t\t\t\t\t<div class=\"elementor-spacer\">\n\t\t\t<div class=\"elementor-spacer-inner\"><\/div>\n\t\t<\/div>\n\t\t\t\t\t\t<\/div>\n\t\t\t\t<\/div>\n\t\t\t\t<div class=\"elementor-element elementor-element-15af1e6 elementor-widget elementor-widget-htmega-datatable-addons\" data-id=\"15af1e6\" data-element_type=\"widget\" data-e-type=\"widget\" data-widget_type=\"htmega-datatable-addons.default\">\n\t\t\t\t<div class=\"elementor-widget-container\">\n\t\t\t\t\t        <div class=\"htmega-table-style htmega-table-style-3 htb-table-responsive\">\n            <table class=\"htb-table\">\n                                    <thead>\n                        <tr>\n                            <th class='elementor-repeater-item-9d105bc'><\/th><th class='elementor-repeater-item-206c2db'><\/th>                        <\/tr>\n                    <\/thead>\n                                <tbody>\n                                            <tr>\n                            <td class=\"elementor-repeater-item-c46af95\" >Part of the plant:<\/td><td class=\"elementor-repeater-item-a975146\" >Leaves, processed to tea cut<\/td>                        <\/tr>\n                                            <tr>\n                            <td class=\"elementor-repeater-item-c71d58c\" >Ingredients:<\/td><td class=\"elementor-repeater-item-7a2af5b\" >100 % Moringa oleifera leaves<\/td>                        <\/tr>\n                                            <tr>\n                            <td class=\"elementor-repeater-item-d2bc1ac\" >Packaging:<\/td><td class=\"elementor-repeater-item-b9a7cc7\" >10 kg, bulk goods, bag food safe, HACCP, for direct contact with food <\/td>                        <\/tr>\n                                            <tr>\n                            <td class=\"elementor-repeater-item-aec6a85\" >Certification:<\/td><td class=\"elementor-repeater-item-e928b03\" >DE-\u00d6KO-007, EWG 834\/2007 standard, organic seal, EU organic logo, non-EU agriculture <\/td>                        <\/tr>\n                                            <tr>\n                            <td class=\"elementor-repeater-item-28036c4\" >Cut size:<\/td><td class=\"elementor-repeater-item-b26c674\" >Granules: 0.5 - 3.0 mm<\/td>                        <\/tr>\n                                            <tr>\n                            <td class=\"elementor-repeater-item-c9b11be\" >Origin:<\/td><td class=\"elementor-repeater-item-ec243df\" >Tanzania, Kenya, Nigeria<\/td>                        <\/tr>\n                                            <tr>\n                            <td class=\"elementor-repeater-item-5b0c1ed\" >Allergy warnings:<\/td><td class=\"elementor-repeater-item-8a0314d\" >Free from substances and products that cause allergies or intolerances according to Annex 2 of Regulation (EU) No 1169\/2011. <\/td>                        <\/tr>\n                                    <\/tbody>\n            <\/table>\n        <\/div>\n        \t\t\t\t<\/div>\n\t\t\t\t<\/div>\n\t\t\t\t\t<\/div>\n\t\t<\/div>\n\t\t\t\t\t<\/div>\n\t\t<\/section>\n\t\t\t\t<section class=\"elementor-section elementor-top-section elementor-element elementor-element-7b07f64 elementor-section-boxed elementor-section-height-default elementor-section-height-default\" data-id=\"7b07f64\" data-element_type=\"section\" data-e-type=\"section\">\n\t\t\t\t\t\t<div class=\"elementor-container elementor-column-gap-default\">\n\t\t\t\t\t<div class=\"elementor-column elementor-col-100 elementor-top-column elementor-element elementor-element-c66e1fc\" data-id=\"c66e1fc\" data-element_type=\"column\" data-e-type=\"column\">\n\t\t\t<div class=\"elementor-widget-wrap elementor-element-populated\">\n\t\t\t\t\t\t<div class=\"elementor-element elementor-element-7e09ae3 elementor-widget elementor-widget-spacer\" data-id=\"7e09ae3\" data-element_type=\"widget\" data-e-type=\"widget\" data-widget_type=\"spacer.default\">\n\t\t\t\t<div class=\"elementor-widget-container\">\n\t\t\t\t\t\t\t<div class=\"elementor-spacer\">\n\t\t\t<div class=\"elementor-spacer-inner\"><\/div>\n\t\t<\/div>\n\t\t\t\t\t\t<\/div>\n\t\t\t\t<\/div>\n\t\t\t\t<div class=\"elementor-element elementor-element-cfc2318 elementor-widget elementor-widget-text-editor\" data-id=\"cfc2318\" data-element_type=\"widget\" data-e-type=\"widget\" data-widget_type=\"text-editor.default\">\n\t\t\t\t<div class=\"elementor-widget-container\">\n\t\t\t\t\t\t\t\t\t<p>The tea cut is also available on request as gently sterilized raw vegetables and\/or in different cut sizes.<\/p><p>To be able to provide you with a non-binding and individual offer, simply send us an inquiry. Your request will be processed as soon as possible by our customer management (also by phone: +49 151 222 05 935) and is free of charge.<\/p>\t\t\t\t\t\t\t\t<\/div>\n\t\t\t\t<\/div>\n\t\t\t\t\t<\/div>\n\t\t<\/div>\n\t\t\t\t\t<\/div>\n\t\t<\/section>\n\t\t\t\t<section class=\"elementor-section elementor-top-section elementor-element elementor-element-304dae0 elementor-section-boxed elementor-section-height-default elementor-section-height-default\" data-id=\"304dae0\" data-element_type=\"section\" data-e-type=\"section\">\n\t\t\t\t\t\t<div class=\"elementor-container elementor-column-gap-default\">\n\t\t\t\t\t<div class=\"elementor-column elementor-col-100 elementor-top-column elementor-element elementor-element-337a45b\" data-id=\"337a45b\" data-element_type=\"column\" data-e-type=\"column\">\n\t\t\t<div class=\"elementor-widget-wrap elementor-element-populated\">\n\t\t\t\t\t\t<div class=\"elementor-element elementor-element-80f1b17 elementor-widget__width-inherit htmega-align-center elementor-widget elementor-widget-htmega-calltoaction-addons\" data-id=\"80f1b17\" data-element_type=\"widget\" data-e-type=\"widget\" data-widget_type=\"htmega-calltoaction-addons.default\">\n\t\t\t\t<div class=\"elementor-widget-container\">\n\t\t\t\t\t            <div class=\"htmega-call-to-action callto-action-style-4\">\n                <div class=\"htmega-content\">\n\n                                            <div class=\"content\">\n                            <h2 class=\"htmega-callto-action-title\">Request a quote<\/h2><p class=\"htmega-callto-action-description\">HT Mega Addons<\/p>                        <\/div>\n                        <div class=\"action-btn\">\n                            <a class=\"call_btn\" href=\"https:\/\/mag-mo.com\/en\/kontakt\/\"><span class='call_to_action_button_one_text_progression'>Inquiry<\/span><\/a>                        <\/div>\n                        \n                    \n                <\/div>\n            <\/div>\n\n        \t\t\t\t<\/div>\n\t\t\t\t<\/div>\n\t\t\t\t<div class=\"elementor-element elementor-element-06b2cee elementor-widget elementor-widget-text-editor\" data-id=\"06b2cee\" data-element_type=\"widget\" data-e-type=\"widget\" data-widget_type=\"text-editor.default\">\n\t\t\t\t<div class=\"elementor-widget-container\">\n\t\t\t\t\t\t\t\t\t<p><span style=\"color: #00a500;\"><strong>Declarations and legal framework<\/strong><\/span><\/p><p><span style=\"color: #00a513;\"><strong>Genetic status <\/strong><\/span><\/p><p>Only raw materials that are not genetically modified or consist of genetically modified organisms \/GMO's are used for production. The product does not contain any genetically modified organisms (definition according to Directive 2001\/18\/EC) and there is no labelling obligation according to the regulations (EC) No. 1829\/2003 and (EC) No. 1830\/2003.<\/p><p><span style=\"color: #00a513;\"><strong>Food suitability <\/strong><\/span><\/p><p>With regard to the packaging and other objects (food contact materials) that come into contact with the product during production, the product complies with the requirements of the relevant Regulation (EC) No. 1935\/2004, i.e. no components are transferred to the foodstuff that could endanger human health, unacceptably alter the composition of the product as a foodstuff or impair its organoleptic properties.\u00a0<\/p><p><span style=\"color: #00a513;\"><strong>Legal reference framework<\/strong><\/span><\/p><ul><li>Council Regulation (EC) No 834\/2007 of 28 June 2007 on organic production and labelling of organic products<\/li><li>Regulation (EU) No 1169\/2011 of the European Parliament and of the Council of 25 October 2011 on the provision of food information to consumers<\/li><li>Regulation (EC) No 1829\/2003 of the European Parliament and of the Council of 22 September 2003 on genetically modified food and feed<\/li><li>Regulations (EC) No 1829 and 1830\/2003 of the European Parliament and of the Council of 22 September 2003 concerning the traceability and labelling of genetically modified organisms and the traceability of food and feed products produced from genetically modified organisms<\/li><li>Regulation (EC) No 396\/2005 of the European Parliament and of the Council of 23 February 2005 on maximum residue levels of pesticides in or on food and feed of plant and animal origin<\/li><li>Commission Regulation (EC) No 1881\/2006 of 19 December 2006 setting maximum levels for certain contaminants in foodstuffs<\/li><li>Regulation (EC) No 1935\/2004 on materials and articles intended to come into contact with food<\/li><li>THIE\u2019s Recommended Mycotoxin Specification for Herbal Infusions Raw Materials<\/li><li>THIE\u2019s Recommended Heavy Metal Specification for Herbal Infusions Raw Materials<\/li><\/ul>\t\t\t\t\t\t\t\t<\/div>\n\t\t\t\t<\/div>\n\t\t\t\t\t<\/div>\n\t\t<\/div>\n\t\t\t\t\t<\/div>\n\t\t<\/section>\n\t\t\t\t<section class=\"elementor-section elementor-top-section elementor-element elementor-element-6973aee elementor-section-boxed elementor-section-height-default elementor-section-height-default\" data-id=\"6973aee\" data-element_type=\"section\" data-e-type=\"section\">\n\t\t\t\t\t\t<div class=\"elementor-container elementor-column-gap-default\">\n\t\t\t\t\t<div class=\"elementor-column elementor-col-100 elementor-top-column elementor-element elementor-element-d978ec6\" data-id=\"d978ec6\" data-element_type=\"column\" data-e-type=\"column\">\n\t\t\t<div class=\"elementor-widget-wrap elementor-element-populated\">\n\t\t\t\t\t\t<div class=\"elementor-element elementor-element-7b1f08d elementor-widget elementor-widget-button\" data-id=\"7b1f08d\" data-element_type=\"widget\" data-e-type=\"widget\" data-widget_type=\"button.default\">\n\t\t\t\t<div class=\"elementor-widget-container\">\n\t\t\t\t\t\t\t\t\t<div class=\"elementor-button-wrapper\">\n\t\t\t\t\t<a class=\"elementor-button elementor-button-link elementor-size-sm\" href=\"https:\/\/mag-mo.com\/en\/bio-moringa-oleifera-blattpulver\/\">\n\t\t\t\t\t\t<span class=\"elementor-button-content-wrapper\">\n\t\t\t\t\t\t\t\t\t<span class=\"elementor-button-text\">See organic Moringa oleifera leaf powder &gt;&gt;<\/span>\n\t\t\t\t\t<\/span>\n\t\t\t\t\t<\/a>\n\t\t\t\t<\/div>\n\t\t\t\t\t\t\t\t<\/div>\n\t\t\t\t<\/div>\n\t\t\t\t\t<\/div>\n\t\t<\/div>\n\t\t\t\t\t<\/div>\n\t\t<\/section>\n\t\t\t\t<\/div>","protected":false},"excerpt":{"rendered":"<p>Produktdaten Bio Moringa oleifera Teeschnitt(Bulkware) Teil der Pflanze: Bl\u00e4tter, zu Teeschnitt verarbeitet Zutaten: 100 % Moringa oleifera Bl\u00e4tter Verpackung: 10 kg, Bulkware, Sack lebensmittelecht, HACCP, f\u00fcr den direkten Kontakt mit Lebensmitteln zugelassen Zertifizierung: DE-\u00d6KO-007, EWG 834\/2007 Norm, Bio-Siegel, EU-Bio-Logo, Nicht- EU-Landwirtschaft Schnittgr\u00f6\u00dfe: Granulat: 0,5 &#8211; 3,0 mm Herkunft: Tansania, Kenia, Nigeria Allergiehinweise: Frei von Stoffen [&hellip;]<\/p>\n","protected":false},"author":2,"featured_media":0,"parent":0,"menu_order":0,"comment_status":"closed","ping_status":"closed","template":"elementor_header_footer","meta":{"ocean_post_layout":"","ocean_both_sidebars_style":"","ocean_both_sidebars_content_width":0,"ocean_both_sidebars_sidebars_width":0,"ocean_sidebar":"0","ocean_second_sidebar":"0","ocean_disable_margins":"enable","ocean_add_body_class":"","ocean_shortcode_before_top_bar":"","ocean_shortcode_after_top_bar":"","ocean_shortcode_before_header":"","ocean_shortcode_after_header":"","ocean_has_shortcode":"","ocean_shortcode_after_title":"","ocean_shortcode_before_footer_widgets":"","ocean_shortcode_after_footer_widgets":"","ocean_shortcode_before_footer_bottom":"","ocean_shortcode_after_footer_bottom":"","ocean_display_top_bar":"default","ocean_display_header":"default","ocean_header_style":"","ocean_center_header_left_menu":"0","ocean_custom_header_template":"0","ocean_custom_logo":0,"ocean_custom_retina_logo":0,"ocean_custom_logo_max_width":0,"ocean_custom_logo_tablet_max_width":0,"ocean_custom_logo_mobile_max_width":0,"ocean_custom_logo_max_height":0,"ocean_custom_logo_tablet_max_height":0,"ocean_custom_logo_mobile_max_height":0,"ocean_header_custom_menu":"0","ocean_menu_typo_font_family":"0","ocean_menu_typo_font_subset":"","ocean_menu_typo_font_size":0,"ocean_menu_typo_font_size_tablet":0,"ocean_menu_typo_font_size_mobile":0,"ocean_menu_typo_font_size_unit":"px","ocean_menu_typo_font_weight":"","ocean_menu_typo_font_weight_tablet":"","ocean_menu_typo_font_weight_mobile":"","ocean_menu_typo_transform":"","ocean_menu_typo_transform_tablet":"","ocean_menu_typo_transform_mobile":"","ocean_menu_typo_line_height":0,"ocean_menu_typo_line_height_tablet":0,"ocean_menu_typo_line_height_mobile":0,"ocean_menu_typo_line_height_unit":"","ocean_menu_typo_spacing":0,"ocean_menu_typo_spacing_tablet":0,"ocean_menu_typo_spacing_mobile":0,"ocean_menu_typo_spacing_unit":"","ocean_menu_link_color":"","ocean_menu_link_color_hover":"","ocean_menu_link_color_active":"","ocean_menu_link_background":"","ocean_menu_link_hover_background":"","ocean_menu_link_active_background":"","ocean_menu_social_links_bg":"","ocean_menu_social_hover_links_bg":"","ocean_menu_social_links_color":"","ocean_menu_social_hover_links_color":"","ocean_disable_title":"enable","ocean_disable_heading":"enable","ocean_post_title":"","ocean_post_subheading":"","ocean_post_title_style":"","ocean_post_title_background_color":"","ocean_post_title_background":0,"ocean_post_title_bg_image_position":"","ocean_post_title_bg_image_attachment":"","ocean_post_title_bg_image_repeat":"","ocean_post_title_bg_image_size":"","ocean_post_title_height":0,"ocean_post_title_bg_overlay":0.5,"ocean_post_title_bg_overlay_color":"","ocean_disable_breadcrumbs":"default","ocean_breadcrumbs_color":"","ocean_breadcrumbs_separator_color":"","ocean_breadcrumbs_links_color":"","ocean_breadcrumbs_links_hover_color":"","ocean_display_footer_widgets":"default","ocean_display_footer_bottom":"default","ocean_custom_footer_template":"0","footnotes":""},"class_list":["post-325","page","type-page","status-publish","hentry","entry"],"aioseo_notices":[],"_links":{"self":[{"href":"https:\/\/mag-mo.com\/en\/wp-json\/wp\/v2\/pages\/325","targetHints":{"allow":["GET"]}}],"collection":[{"href":"https:\/\/mag-mo.com\/en\/wp-json\/wp\/v2\/pages"}],"about":[{"href":"https:\/\/mag-mo.com\/en\/wp-json\/wp\/v2\/types\/page"}],"author":[{"embeddable":true,"href":"https:\/\/mag-mo.com\/en\/wp-json\/wp\/v2\/users\/2"}],"replies":[{"embeddable":true,"href":"https:\/\/mag-mo.com\/en\/wp-json\/wp\/v2\/comments?post=325"}],"version-history":[{"count":10,"href":"https:\/\/mag-mo.com\/en\/wp-json\/wp\/v2\/pages\/325\/revisions"}],"predecessor-version":[{"id":1580,"href":"https:\/\/mag-mo.com\/en\/wp-json\/wp\/v2\/pages\/325\/revisions\/1580"}],"wp:attachment":[{"href":"https:\/\/mag-mo.com\/en\/wp-json\/wp\/v2\/media?parent=325"}],"curies":[{"name":"wp","href":"https:\/\/api.w.org\/{rel}","templated":true}]}}